{"id":2909,"date":"2022-05-05T15:56:17","date_gmt":"2022-05-05T14:56:17","guid":{"rendered":"https:\/\/www.geek-days.com\/lille\/?page_id=2909"},"modified":"2026-04-08T16:45:06","modified_gmt":"2026-04-08T15:45:06","slug":"les-plannings","status":"publish","type":"page","link":"https:\/\/www.geek-days.com\/lille\/les-plannings\/","title":{"rendered":"Les plannings"},"content":{"rendered":"<p>[et_pb_section fb_built=\u00a0\u00bb1&Prime; custom_padding_last_edited=\u00a0\u00bbon|tablet\u00a0\u00bb admin_label=\u00a0\u00bbsection\u00a0\u00bb _builder_version=\u00a0\u00bb4.20.4&Prime; custom_margin=\u00a0\u00bb0px||0px||false|false\u00a0\u00bb custom_padding=\u00a0\u00bb64px||0px||false|false\u00a0\u00bb custom_padding_tablet=\u00a0\u00bb100px||||false|false\u00a0\u00bb custom_padding_phone=\u00a0\u00bb100px||||false|false\u00a0\u00bb da_disable_devices=\u00a0\u00bboff|off|off\u00a0\u00bb global_colors_info=\u00a0\u00bb{}\u00a0\u00bb da_is_popup=\u00a0\u00bboff\u00a0\u00bb da_exit_intent=\u00a0\u00bboff\u00a0\u00bb da_has_close=\u00a0\u00bbon\u00a0\u00bb da_alt_close=\u00a0\u00bboff\u00a0\u00bb da_dark_close=\u00a0\u00bboff\u00a0\u00bb da_not_modal=\u00a0\u00bbon\u00a0\u00bb da_is_singular=\u00a0\u00bboff\u00a0\u00bb da_with_loader=\u00a0\u00bboff\u00a0\u00bb da_has_shadow=\u00a0\u00bbon\u00a0\u00bb][et_pb_row _builder_version=\u00a0\u00bb4.20.4&Prime; _module_preset=\u00a0\u00bbdefault\u00a0\u00bb custom_margin=\u00a0\u00bb0px||0px||false|false\u00a0\u00bb custom_padding=\u00a0\u00bb||65px||false|false\u00a0\u00bb global_colors_info=\u00a0\u00bb{}\u00a0\u00bb][et_pb_column type=\u00a0\u00bb4_4&Prime; _builder_version=\u00a0\u00bb4.20.4&Prime; _module_preset=\u00a0\u00bbdefault\u00a0\u00bb global_colors_info=\u00a0\u00bb{}\u00a0\u00bb][et_pb_text _builder_version=\u00a0\u00bb4.21.0&Prime; _module_preset=\u00a0\u00bbdefault\u00a0\u00bb locked=\u00a0\u00bboff\u00a0\u00bb global_colors_info=\u00a0\u00bb{}\u00a0\u00bb]<\/p>\n<h1 style=\"text-align: center;\">Programme<\/h1>\n<p>[\/et_pb_text][et_pb_text disabled_on=\u00a0\u00bboff|off|off\u00a0\u00bb _builder_version=\u00a0\u00bb4.21.0&Prime; _module_preset=\u00a0\u00bbdefault\u00a0\u00bb global_colors_info=\u00a0\u00bb{}\u00a0\u00bb]<\/p>\n<p style=\"text-align: center;\"><span style=\"font-size: 20px;\">Programme \u00e0 venir<\/span><\/p>\n<p>[\/et_pb_text][et_pb_button button_text=\u00a0\u00bbPour ne rien rater, rendez-vous sur nos r\u00e9seaux sociaux !\u00a0\u00bb _builder_version=\u00a0\u00bb4.21.0&Prime; _module_preset=\u00a0\u00bbdefault\u00a0\u00bb button_url=\u00a0\u00bbhttps:\/\/linktr.ee\/festivalgeekdays?utm_source=ig&#038;utm_medium=social&#038;utm_content=link_in_bio&#038;fbclid=PAZXh0bgNhZW0CMTEAc3J0YwZhcHBfaWQMMjU2MjgxMDQwNTU4AAGnXGAs_g2wqqy6hCVCC6YD9LzbNvaZmDGIqly9y&#8211;IsVshFVpkFaehCKQVRug_aem_RpKsPHU1egH8m5kSHHzv_A\u00a0\u00bb button_alignment=\u00a0\u00bbcenter\u00a0\u00bb background_layout=\u00a0\u00bbdark\u00a0\u00bb custom_button=\u00a0\u00bbon\u00a0\u00bb button_bg_color=\u00a0\u00bb#eb5e4c\u00a0\u00bb button_bg_enable_color=\u00a0\u00bbon\u00a0\u00bb hover_enabled=\u00a0\u00bb0&Prime; sticky_enabled=\u00a0\u00bb0&Prime;][\/et_pb_button][\/et_pb_column][\/et_pb_row][et_pb_row column_structure=\u00a0\u00bb1_2,1_2&Prime; disabled_on=\u00a0\u00bbon|on|on\u00a0\u00bb _builder_version=\u00a0\u00bb4.21.0&Prime; _module_preset=\u00a0\u00bbdefault\u00a0\u00bb width=\u00a0\u00bb95%\u00a0\u00bb max_width=\u00a0\u00bb2560px\u00a0\u00bb custom_margin=\u00a0\u00bb0px||0px||false|false\u00a0\u00bb custom_padding=\u00a0\u00bb0px||0px||false|false\u00a0\u00bb disabled=\u00a0\u00bbon\u00a0\u00bb locked=\u00a0\u00bboff\u00a0\u00bb global_colors_info=\u00a0\u00bb{}\u00a0\u00bb][et_pb_column type=\u00a0\u00bb1_2&Prime; _builder_version=\u00a0\u00bb4.21.0&Prime; _module_preset=\u00a0\u00bbdefault\u00a0\u00bb global_colors_info=\u00a0\u00bb{}\u00a0\u00bb][et_pb_image src=\u00a0\u00bbhttps:\/\/www.geek-days.com\/lille\/wp-content\/uploads\/sites\/10\/2025\/05\/GDL25_Prog-Scene-GEEK.png\u00a0\u00bb title_text=\u00a0\u00bbGDL25_Prog Sc\u00e8ne GEEK\u00a0\u00bb admin_label=\u00a0\u00bbImage\u00a0\u00bb _builder_version=\u00a0\u00bb4.21.0&Prime; _module_preset=\u00a0\u00bbdefault\u00a0\u00bb global_colors_info=\u00a0\u00bb{}\u00a0\u00bb][\/et_pb_image][et_pb_image src=\u00a0\u00bbhttps:\/\/www.geek-days.com\/lille\/wp-content\/uploads\/sites\/10\/2025\/05\/GDL25_Prog-Scene-DEDICACES-1.png\u00a0\u00bb title_text=\u00a0\u00bbGDL25_Prog Sc\u00e8ne D\u00c9DICACES (1)\u00a0\u00bb show_in_lightbox=\u00a0\u00bbon\u00a0\u00bb align=\u00a0\u00bbcenter\u00a0\u00bb admin_label=\u00a0\u00bbImage\u00a0\u00bb _builder_version=\u00a0\u00bb4.21.0&Prime; _module_preset=\u00a0\u00bbdefault\u00a0\u00bb global_colors_info=\u00a0\u00bb{}\u00a0\u00bb][\/et_pb_image][\/et_pb_column][et_pb_column type=\u00a0\u00bb1_2&Prime; _builder_version=\u00a0\u00bb4.20.4&Prime; _module_preset=\u00a0\u00bbdefault\u00a0\u00bb global_colors_info=\u00a0\u00bb{}\u00a0\u00bb][et_pb_image src=\u00a0\u00bbhttps:\/\/www.geek-days.com\/lille\/wp-content\/uploads\/sites\/10\/2025\/05\/GDL25_Prog-Scene-POP.png\u00a0\u00bb title_text=\u00a0\u00bbGDL25_Prog Sc\u00e8ne POP\u00a0\u00bb show_in_lightbox=\u00a0\u00bbon\u00a0\u00bb align=\u00a0\u00bbcenter\u00a0\u00bb admin_label=\u00a0\u00bbImage\u00a0\u00bb _builder_version=\u00a0\u00bb4.21.0&Prime; _module_preset=\u00a0\u00bbdefault\u00a0\u00bb global_colors_info=\u00a0\u00bb{}\u00a0\u00bb][\/et_pb_image][et_pb_image src=\u00a0\u00bbhttps:\/\/www.geek-days.com\/lille\/wp-content\/uploads\/sites\/10\/2025\/05\/GDL25_Prog-Ring-CATCH-1.png\u00a0\u00bb title_text=\u00a0\u00bbGDL25_Prog Ring CATCH (1)\u00a0\u00bb show_in_lightbox=\u00a0\u00bbon\u00a0\u00bb admin_label=\u00a0\u00bbImage\u00a0\u00bb _builder_version=\u00a0\u00bb4.21.0&Prime; _module_preset=\u00a0\u00bbdefault\u00a0\u00bb global_colors_info=\u00a0\u00bb{}\u00a0\u00bb][\/et_pb_image][\/et_pb_column][\/et_pb_row][et_pb_row disabled_on=\u00a0\u00bboff|off|off\u00a0\u00bb _builder_version=\u00a0\u00bb4.20.4&Prime; _module_preset=\u00a0\u00bbdefault\u00a0\u00bb width=\u00a0\u00bb95%\u00a0\u00bb max_width=\u00a0\u00bb2560px\u00a0\u00bb custom_margin=\u00a0\u00bb0px||0px||false|false\u00a0\u00bb custom_padding=\u00a0\u00bb0px||0px||false|false\u00a0\u00bb locked=\u00a0\u00bboff\u00a0\u00bb global_colors_info=\u00a0\u00bb{}\u00a0\u00bb][et_pb_column type=\u00a0\u00bb4_4&Prime; _builder_version=\u00a0\u00bb4.20.4&Prime; _module_preset=\u00a0\u00bbdefault\u00a0\u00bb global_colors_info=\u00a0\u00bb{}\u00a0\u00bb][et_pb_divider show_divider=\u00a0\u00bboff\u00a0\u00bb _builder_version=\u00a0\u00bb4.21.0&Prime; _module_preset=\u00a0\u00bbdefault\u00a0\u00bb global_colors_info=\u00a0\u00bb{}\u00a0\u00bb][\/et_pb_divider][et_pb_button button_url=\u00a0\u00bbhttps:\/\/www.geek-days.com\/lille\/wp-content\/uploads\/sites\/10\/2025\/05\/GDL25_Guide-visiteur.pdf\u00a0\u00bb button_text=\u00a0\u00bbT\u00e9l\u00e9charger le guide du visiteur en PDF\u00a0\u00bb button_alignment=\u00a0\u00bbcenter\u00a0\u00bb disabled_on=\u00a0\u00bbon|on|on\u00a0\u00bb admin_label=\u00a0\u00bbBouton\u00a0\u00bb _builder_version=\u00a0\u00bb4.21.0&Prime; _module_preset=\u00a0\u00bbdefault\u00a0\u00bb custom_button=\u00a0\u00bbon\u00a0\u00bb button_text_color=\u00a0\u00bb#FFFFFF\u00a0\u00bb button_bg_color=\u00a0\u00bb#f6625b\u00a0\u00bb background_layout=\u00a0\u00bbdark\u00a0\u00bb disabled=\u00a0\u00bbon\u00a0\u00bb global_colors_info=\u00a0\u00bb{}\u00a0\u00bb][\/et_pb_button][et_pb_image src=\u00a0\u00bbhttps:\/\/www.geek-days.com\/lille\/wp-content\/uploads\/sites\/10\/2025\/05\/GDL25_Plan-de-masse-SITE.jpg\u00a0\u00bb title_text=\u00a0\u00bbGDL25_Plan de masse SITE\u00a0\u00bb url=\u00a0\u00bbhttps:\/\/www.geek-days.com\/lille\/wp-content\/uploads\/sites\/10\/2025\/05\/GDL25_Plan-de-masse_site.pdf\u00a0\u00bb align=\u00a0\u00bbcenter\u00a0\u00bb disabled_on=\u00a0\u00bbon|on|on\u00a0\u00bb _builder_version=\u00a0\u00bb4.21.0&Prime; _module_preset=\u00a0\u00bbdefault\u00a0\u00bb disabled=\u00a0\u00bbon\u00a0\u00bb global_colors_info=\u00a0\u00bb{}\u00a0\u00bb][\/et_pb_image][et_pb_image src=\u00a0\u00bbhttps:\/\/www.geek-days.com\/lille\/wp-content\/uploads\/sites\/10\/2024\/05\/GDLM24-Guide-visiteur-V3_page-0002-scaled.jpg\u00a0\u00bb title_text=\u00a0\u00bbGDLM24 &#8211; Guide visiteur V3_page-0002&Prime; url=\u00a0\u00bbhttps:\/\/www.geek-days.com\/lille\/wp-content\/uploads\/sites\/10\/2024\/05\/GDLM24-Guide-visiteur-V3.pdf\u00a0\u00bb align=\u00a0\u00bbcenter\u00a0\u00bb disabled_on=\u00a0\u00bbon|on|on\u00a0\u00bb _builder_version=\u00a0\u00bb4.21.0&Prime; _module_preset=\u00a0\u00bbdefault\u00a0\u00bb disabled=\u00a0\u00bbon\u00a0\u00bb global_colors_info=\u00a0\u00bb{}\u00a0\u00bb][\/et_pb_image][et_pb_image src=\u00a0\u00bbhttps:\/\/www.geek-days.com\/lille\/wp-content\/uploads\/sites\/10\/2024\/05\/GDLM24-Guide-visiteur-V3_page-0003-scaled.jpg\u00a0\u00bb title_text=\u00a0\u00bbGDLM24 &#8211; Guide visiteur V3_page-0003&Prime; url=\u00a0\u00bbhttps:\/\/www.geek-days.com\/lille\/wp-content\/uploads\/sites\/10\/2024\/05\/GDLM24-Guide-visiteur-V3.pdf\u00a0\u00bb align=\u00a0\u00bbcenter\u00a0\u00bb disabled_on=\u00a0\u00bbon|on|on\u00a0\u00bb _builder_version=\u00a0\u00bb4.21.0&Prime; _module_preset=\u00a0\u00bbdefault\u00a0\u00bb disabled=\u00a0\u00bbon\u00a0\u00bb global_colors_info=\u00a0\u00bb{}\u00a0\u00bb][\/et_pb_image][et_pb_image src=\u00a0\u00bbhttps:\/\/www.geek-days.com\/lille\/wp-content\/uploads\/sites\/10\/2024\/05\/GDLM24-Guide-visiteur-V3_page-0004-scaled.jpg\u00a0\u00bb title_text=\u00a0\u00bbGDLM24 &#8211; Guide visiteur V3_page-0004&Prime; url=\u00a0\u00bbhttps:\/\/www.geek-days.com\/lille\/wp-content\/uploads\/sites\/10\/2024\/05\/GDLM24-Guide-visiteur-V3.pdf\u00a0\u00bb align=\u00a0\u00bbcenter\u00a0\u00bb disabled_on=\u00a0\u00bbon|on|on\u00a0\u00bb _builder_version=\u00a0\u00bb4.21.0&Prime; _module_preset=\u00a0\u00bbdefault\u00a0\u00bb disabled=\u00a0\u00bbon\u00a0\u00bb global_colors_info=\u00a0\u00bb{}\u00a0\u00bb][\/et_pb_image][et_pb_image src=\u00a0\u00bbhttps:\/\/www.geek-days.com\/lille\/wp-content\/uploads\/sites\/10\/2024\/05\/GDLM24-Guide-visiteur-V3_page-0005-scaled.jpg\u00a0\u00bb title_text=\u00a0\u00bbGDLM24 &#8211; Guide visiteur V3_page-0005&Prime; url=\u00a0\u00bbhttps:\/\/www.geek-days.com\/lille\/wp-content\/uploads\/sites\/10\/2024\/05\/GDLM24-Guide-visiteur-V3.pdf\u00a0\u00bb align=\u00a0\u00bbcenter\u00a0\u00bb disabled_on=\u00a0\u00bbon|on|on\u00a0\u00bb _builder_version=\u00a0\u00bb4.21.0&Prime; _module_preset=\u00a0\u00bbdefault\u00a0\u00bb disabled=\u00a0\u00bbon\u00a0\u00bb global_colors_info=\u00a0\u00bb{}\u00a0\u00bb][\/et_pb_image][et_pb_image src=\u00a0\u00bbhttps:\/\/www.geek-days.com\/lille\/wp-content\/uploads\/sites\/10\/2024\/05\/GDLM24-Guide-visiteur-V3_page-0006-scaled.jpg\u00a0\u00bb title_text=\u00a0\u00bbGDLM24 &#8211; Guide visiteur V3_page-0006&Prime; url=\u00a0\u00bbhttps:\/\/www.geek-days.com\/lille\/wp-content\/uploads\/sites\/10\/2024\/05\/GDLM24-Guide-visiteur-V3.pdf\u00a0\u00bb align=\u00a0\u00bbcenter\u00a0\u00bb disabled_on=\u00a0\u00bbon|on|on\u00a0\u00bb _builder_version=\u00a0\u00bb4.21.0&Prime; _module_preset=\u00a0\u00bbdefault\u00a0\u00bb disabled=\u00a0\u00bbon\u00a0\u00bb global_colors_info=\u00a0\u00bb{}\u00a0\u00bb][\/et_pb_image][et_pb_image src=\u00a0\u00bbhttps:\/\/www.geek-days.com\/lille\/wp-content\/uploads\/sites\/10\/2024\/05\/GDLM24-Guide-visiteur-V3_page-0007-scaled.jpg\u00a0\u00bb title_text=\u00a0\u00bbGDLM24 &#8211; Guide visiteur V3_page-0007&Prime; url=\u00a0\u00bbhttps:\/\/www.geek-days.com\/lille\/wp-content\/uploads\/sites\/10\/2024\/05\/GDLM24-Guide-visiteur-V3.pdf\u00a0\u00bb align=\u00a0\u00bbcenter\u00a0\u00bb disabled_on=\u00a0\u00bbon|on|on\u00a0\u00bb _builder_version=\u00a0\u00bb4.21.0&Prime; _module_preset=\u00a0\u00bbdefault\u00a0\u00bb disabled=\u00a0\u00bbon\u00a0\u00bb global_colors_info=\u00a0\u00bb{}\u00a0\u00bb][\/et_pb_image][\/et_pb_column][\/et_pb_row][et_pb_row disabled_on=\u00a0\u00bbon|on|on\u00a0\u00bb _builder_version=\u00a0\u00bb4.20.4&Prime; _module_preset=\u00a0\u00bbdefault\u00a0\u00bb width=\u00a0\u00bb95%\u00a0\u00bb max_width=\u00a0\u00bb2560px\u00a0\u00bb custom_margin=\u00a0\u00bb0px||0px||false|false\u00a0\u00bb custom_padding=\u00a0\u00bb0px||0px||false|false\u00a0\u00bb disabled=\u00a0\u00bbon\u00a0\u00bb global_colors_info=\u00a0\u00bb{}\u00a0\u00bb][et_pb_column type=\u00a0\u00bb4_4&Prime; _builder_version=\u00a0\u00bb4.20.4&Prime; _module_preset=\u00a0\u00bbdefault\u00a0\u00bb global_colors_info=\u00a0\u00bb{}\u00a0\u00bb][et_pb_image title_text=\u00a0\u00bbGDR23 &#8211; Planning TV-1 1&Prime; show_in_lightbox=\u00a0\u00bbon\u00a0\u00bb align=\u00a0\u00bbcenter\u00a0\u00bb _builder_version=\u00a0\u00bb4.21.0&Prime; _module_preset=\u00a0\u00bbdefault\u00a0\u00bb global_colors_info=\u00a0\u00bb{}\u00a0\u00bb][\/et_pb_image][\/et_pb_column][\/et_pb_row][et_pb_row _builder_version=\u00a0\u00bb4.20.4&Prime; _module_preset=\u00a0\u00bbdefault\u00a0\u00bb background_color=\u00a0\u00bbgcid-f8cd7e1a-9172-4e29-9fcf-fd48c7a94e84&Prime; width=\u00a0\u00bb94%\u00a0\u00bb max_width=\u00a0\u00bb2560px\u00a0\u00bb custom_margin=\u00a0\u00bb100px||||false|false\u00a0\u00bb custom_padding=\u00a0\u00bb25px|20px|25px|20px|true|true\u00a0\u00bb border_radii=\u00a0\u00bbon|5px|5px|5px|5px\u00a0\u00bb locked=\u00a0\u00bboff\u00a0\u00bb global_colors_info=\u00a0\u00bb{%22gcid-f8cd7e1a-9172-4e29-9fcf-fd48c7a94e84%22:%91%22background_color%22%93}\u00a0\u00bb][et_pb_column type=\u00a0\u00bb4_4&Prime; _builder_version=\u00a0\u00bb4.20.4&Prime; _module_preset=\u00a0\u00bbdefault\u00a0\u00bb custom_css_main_element=\u00a0\u00bb    display: flex;||    justify-content: space-between;||    align-items: center;\u00a0\u00bb global_colors_info=\u00a0\u00bb{}\u00a0\u00bb custom_css_main_element_last_edited=\u00a0\u00bbon|tablet\u00a0\u00bb custom_css_main_element_tablet=\u00a0\u00bb    display: flex;||    justify-content: flex-start;||    align-items: flex-start;||    flex-direction: column;\u00a0\u00bb custom_css_main_element_phone=\u00a0\u00bb    display: flex;||    justify-content: flex-start;||    align-items: flex-start;||    flex-direction: column;\u00a0\u00bb][et_pb_text _builder_version=\u00a0\u00bb4.20.4&Prime; _module_preset=\u00a0\u00bbdefault\u00a0\u00bb header_2_text_color=\u00a0\u00bb#FFFFFF\u00a0\u00bb custom_margin=\u00a0\u00bb||0px||false|false\u00a0\u00bb custom_padding=\u00a0\u00bb||0px||false|false\u00a0\u00bb global_colors_info=\u00a0\u00bb{}\u00a0\u00bb]<\/p>\n<h2>R\u00e9servez vos places !<\/h2>\n<p>[\/et_pb_text][et_pb_button button_url=\u00a0\u00bb@ET-DC@eyJkeW5hbWljIjp0cnVlLCJjb250ZW50IjoicG9zdF9saW5rX3VybF9wYWdlIiwic2V0dGluZ3MiOnsicG9zdF9pZCI6IjMxNCJ9fQ==@\u00a0\u00bb button_text=\u00a0\u00bbBilletterie\u00a0\u00bb _builder_version=\u00a0\u00bb4.20.4&Prime; _dynamic_attributes=\u00a0\u00bbbutton_url\u00a0\u00bb _module_preset=\u00a0\u00bbdefault\u00a0\u00bb custom_button=\u00a0\u00bbon\u00a0\u00bb button_text_size=\u00a0\u00bb24px\u00a0\u00bb button_text_color=\u00a0\u00bb#FFFFFF\u00a0\u00bb button_border_width=\u00a0\u00bb1px\u00a0\u00bb button_border_radius=\u00a0\u00bb5px\u00a0\u00bb button_use_icon=\u00a0\u00bboff\u00a0\u00bb custom_margin_tablet=\u00a0\u00bb8px||||false|false\u00a0\u00bb custom_margin_phone=\u00a0\u00bb8px||||false|false\u00a0\u00bb custom_margin_last_edited=\u00a0\u00bbon|tablet\u00a0\u00bb global_colors_info=\u00a0\u00bb{}\u00a0\u00bb][\/et_pb_button][\/et_pb_column][\/et_pb_row][\/et_pb_section][et_pb_section fb_built=\u00a0\u00bb1&Prime; _builder_version=\u00a0\u00bb4.21.0&Prime; _module_preset=\u00a0\u00bbdefault\u00a0\u00bb da_disable_devices=\u00a0\u00bboff|off|off\u00a0\u00bb global_colors_info=\u00a0\u00bb{}\u00a0\u00bb da_is_popup=\u00a0\u00bboff\u00a0\u00bb da_exit_intent=\u00a0\u00bboff\u00a0\u00bb da_has_close=\u00a0\u00bbon\u00a0\u00bb da_alt_close=\u00a0\u00bboff\u00a0\u00bb da_dark_close=\u00a0\u00bboff\u00a0\u00bb da_not_modal=\u00a0\u00bbon\u00a0\u00bb da_is_singular=\u00a0\u00bboff\u00a0\u00bb da_with_loader=\u00a0\u00bboff\u00a0\u00bb da_has_shadow=\u00a0\u00bbon\u00a0\u00bb][et_pb_row _builder_version=\u00a0\u00bb4.21.0&Prime; _module_preset=\u00a0\u00bbdefault\u00a0\u00bb global_colors_info=\u00a0\u00bb{}\u00a0\u00bb][et_pb_column type=\u00a0\u00bb4_4&Prime; _builder_version=\u00a0\u00bb4.21.0&Prime; _module_preset=\u00a0\u00bbdefault\u00a0\u00bb global_colors_info=\u00a0\u00bb{}\u00a0\u00bb][et_pb_image src=\u00a0\u00bbhttps:\/\/www.geek-days.com\/lille\/wp-content\/uploads\/sites\/10\/2025\/05\/GDL25_Prog-Ring-CATCH.png\u00a0\u00bb show_in_lightbox=\u00a0\u00bbon\u00a0\u00bb _builder_version=\u00a0\u00bb4.21.0&Prime; _module_preset=\u00a0\u00bbdefault\u00a0\u00bb global_colors_info=\u00a0\u00bb{}\u00a0\u00bb][\/et_pb_image][\/et_pb_column][\/et_pb_row][\/et_pb_section]<\/p>\n","protected":false},"excerpt":{"rendered":"<p>ProgrammeProgramme \u00e0 venirR\u00e9servez vos places !<\/p>\n","protected":false},"author":5,"featured_media":0,"parent":0,"menu_order":0,"comment_status":"closed","ping_status":"closed","template":"","meta":{"_et_pb_use_builder":"on","_et_pb_old_content":"<p>[vc_row row_type=\"row\" use_row_as_full_screen_section=\"no\" type=\"full_width\" oblique_section=\"no\" text_align=\"left\" css_animation=\"\"][vc_column][gusta_section section=\"1018\" vc_id=\"el-4087679746390655045d04\"][vc_empty_space height=\"60px\" image_repeat=\"no-repeat\"][vc_column_text]<\/p>\r\n<p style=\"text-align: center;\">Les plannings seront annonc\u00e9s via nos r\u00e9seaux sociaux et notre newsletter, restez connect\u00e9s !<\/p>\r\n<p>[\/vc_column_text][vc_empty_space height=\"60px\" image_repeat=\"no-repeat\"][\/vc_column][\/vc_row]<\/p>","_et_gb_content_width":"","inline_featured_image":false},"_links":{"self":[{"href":"https:\/\/www.geek-days.com\/lille\/wp-json\/wp\/v2\/pages\/2909"}],"collection":[{"href":"https:\/\/www.geek-days.com\/lille\/wp-json\/wp\/v2\/pages"}],"about":[{"href":"https:\/\/www.geek-days.com\/lille\/wp-json\/wp\/v2\/types\/page"}],"author":[{"embeddable":true,"href":"https:\/\/www.geek-days.com\/lille\/wp-json\/wp\/v2\/users\/5"}],"replies":[{"embeddable":true,"href":"https:\/\/www.geek-days.com\/lille\/wp-json\/wp\/v2\/comments?post=2909"}],"version-history":[{"count":60,"href":"https:\/\/www.geek-days.com\/lille\/wp-json\/wp\/v2\/pages\/2909\/revisions"}],"predecessor-version":[{"id":14103,"href":"https:\/\/www.geek-days.com\/lille\/wp-json\/wp\/v2\/pages\/2909\/revisions\/14103"}],"wp:attachment":[{"href":"https:\/\/www.geek-days.com\/lille\/wp-json\/wp\/v2\/media?parent=2909"}],"curies":[{"name":"wp","href":"https:\/\/api.w.org\/{rel}","templated":true}]}}