{"id":314,"date":"2017-05-04T14:23:54","date_gmt":"2017-05-04T13:23:54","guid":{"rendered":"https:\/\/www.geek-days.com\/lille\/?page_id=314"},"modified":"2025-04-23T14:20:26","modified_gmt":"2025-04-23T13:20:26","slug":"billetterie","status":"publish","type":"page","link":"https:\/\/www.geek-days.com\/lille\/billetterie\/","title":{"rendered":"Billetterie"},"content":{"rendered":"<p>[et_pb_section fb_built=\u00a0\u00bb1&Prime; custom_padding_last_edited=\u00a0\u00bbon|tablet\u00a0\u00bb admin_label=\u00a0\u00bbsection\u00a0\u00bb _builder_version=\u00a0\u00bb4.20.4&Prime; _module_preset=\u00a0\u00bbdefault\u00a0\u00bb custom_margin=\u00a0\u00bb0px||0px||false|false\u00a0\u00bb custom_padding=\u00a0\u00bb64px||0px||false|false\u00a0\u00bb custom_padding_tablet=\u00a0\u00bb100px||||false|false\u00a0\u00bb custom_padding_phone=\u00a0\u00bb100px||||false|false\u00a0\u00bb da_disable_devices=\u00a0\u00bboff|off|off\u00a0\u00bb locked=\u00a0\u00bboff\u00a0\u00bb global_colors_info=\u00a0\u00bb{}\u00a0\u00bb da_is_popup=\u00a0\u00bboff\u00a0\u00bb da_exit_intent=\u00a0\u00bboff\u00a0\u00bb da_has_close=\u00a0\u00bbon\u00a0\u00bb da_alt_close=\u00a0\u00bboff\u00a0\u00bb da_dark_close=\u00a0\u00bboff\u00a0\u00bb da_not_modal=\u00a0\u00bbon\u00a0\u00bb da_is_singular=\u00a0\u00bboff\u00a0\u00bb da_with_loader=\u00a0\u00bboff\u00a0\u00bb da_has_shadow=\u00a0\u00bbon\u00a0\u00bb][et_pb_row _builder_version=\u00a0\u00bb4.20.4&Prime; _module_preset=\u00a0\u00bbdefault\u00a0\u00bb custom_margin=\u00a0\u00bb0px||0px||false|false\u00a0\u00bb custom_padding=\u00a0\u00bb||65px||false|false\u00a0\u00bb global_colors_info=\u00a0\u00bb{}\u00a0\u00bb][et_pb_column type=\u00a0\u00bb4_4&Prime; _builder_version=\u00a0\u00bb4.20.4&Prime; _module_preset=\u00a0\u00bbdefault\u00a0\u00bb global_colors_info=\u00a0\u00bb{}\u00a0\u00bb][et_pb_text _builder_version=\u00a0\u00bb4.21.0&Prime; _module_preset=\u00a0\u00bb92da693c-1191-450d-b5a0-c457f185b7c6&Prime; locked=\u00a0\u00bboff\u00a0\u00bb global_colors_info=\u00a0\u00bb{}\u00a0\u00bb]<\/p>\n<h2 style=\"text-align: center;\">BILLETTERIE<\/h2>\n<p>[\/et_pb_text][et_pb_text disabled_on=\u00a0\u00bbon|on|on\u00a0\u00bb _builder_version=\u00a0\u00bb4.21.0&Prime; _module_preset=\u00a0\u00bbdefault\u00a0\u00bb disabled=\u00a0\u00bbon\u00a0\u00bb locked=\u00a0\u00bboff\u00a0\u00bb global_colors_info=\u00a0\u00bb{}\u00a0\u00bb]<\/p>\n<p style=\"text-align: center;\"><span style=\"font-size: 28px;\">Billetterie \u00e0 venir. Restez-connect\u00e9s !<\/span><\/p>\n<p>[\/et_pb_text][\/et_pb_column][\/et_pb_row][et_pb_row _builder_version=\u00a0\u00bb4.20.4&Prime; _module_preset=\u00a0\u00bbdefault\u00a0\u00bb width=\u00a0\u00bb95%\u00a0\u00bb max_width=\u00a0\u00bb2560px\u00a0\u00bb custom_margin=\u00a0\u00bb0px||0px||false|false\u00a0\u00bb custom_padding=\u00a0\u00bb0px||0px||false|false\u00a0\u00bb global_colors_info=\u00a0\u00bb{}\u00a0\u00bb][et_pb_column type=\u00a0\u00bb4_4&Prime; _builder_version=\u00a0\u00bb4.20.4&Prime; _module_preset=\u00a0\u00bbdefault\u00a0\u00bb global_colors_info=\u00a0\u00bb{}\u00a0\u00bb][et_pb_text _builder_version=\u00a0\u00bb4.21.0&Prime; _module_preset=\u00a0\u00bbdefault\u00a0\u00bb hover_enabled=\u00a0\u00bb0&Prime; sticky_enabled=\u00a0\u00bb0&Prime;]<div class=\"yurplan-widget-container\" style=\"padding: 16px;\">\r\n    <iframe \r\n        src=\"https:\/\/yurplan.com\/events\/Geek-Days-Lille-2025\/141322\/tickets\/widget?widget=dGlja2V0aW5nV2lkZ2V0WXBfMTM5Mjk0XzE0MzkxOQ%3D%3D&from=widget_143919&wversion=1&culture=fr\" \r\n        width=\"100%\" \r\n        height=\"100%\" \r\n        scrolling=\"auto\" \r\n        frameborder=\"0\"\r\n        class=\"yurplan-widget\"\r\n        id=\"yurplan-widget-143919\"\r\n        data-id=\"143919\"\r\n    >\r\n    <\/iframe>\r\n    <\/div>\r\n<script type=\"text\/javascript\" src=\"https:\/\/assets.yurplan.com\/yurplan-v1\/dist\/widget.js\"><\/script>\r\n\t<div id=\"arx_get_ypcode\"><\/div>\r\n\t<script language=\"javascript\">\r\n\tjQuery(function($){\r\n\t\t$(\"#arx_get_ypcode\").load(\"\/arx_get_ypcode.php\");\r\n\t});\r\n\t<\/script>\r\n\t[\/et_pb_text][et_pb_image src=\u00a0\u00bbhttps:\/\/www.geek-days.com\/caen\/wp-content\/uploads\/sites\/18\/2023\/06\/logo-passculture-6320d4a9d72747e391cfe4dfbdc0b5db.png\u00a0\u00bb title_text=\u00a0\u00bblogo-passculture-6320d4a9d72747e391cfe4dfbdc0b5db\u00a0\u00bb align=\u00a0\u00bbcenter\u00a0\u00bb _builder_version=\u00a0\u00bb4.21.0&Prime; _module_preset=\u00a0\u00bbdefault\u00a0\u00bb width=\u00a0\u00bb23%\u00a0\u00bb max_width=\u00a0\u00bb23%\u00a0\u00bb min_height=\u00a0\u00bb190px\u00a0\u00bb height=\u00a0\u00bb190px\u00a0\u00bb max_height=\u00a0\u00bb190px\u00a0\u00bb global_colors_info=\u00a0\u00bb{}\u00a0\u00bb][\/et_pb_image][\/et_pb_column][\/et_pb_row][et_pb_row module_class=\u00a0\u00bbarx_background_faq\u00a0\u00bb _builder_version=\u00a0\u00bb4.20.4&Prime; _module_preset=\u00a0\u00bbdefault\u00a0\u00bb width=\u00a0\u00bb95%\u00a0\u00bb max_width=\u00a0\u00bb2560px\u00a0\u00bb custom_margin=\u00a0\u00bb87px||||false|false\u00a0\u00bb custom_padding=\u00a0\u00bb30px|30px|30px|30px|true|true\u00a0\u00bb border_radii=\u00a0\u00bbon|11px|11px|11px|11px\u00a0\u00bb locked=\u00a0\u00bboff\u00a0\u00bb global_colors_info=\u00a0\u00bb{}\u00a0\u00bb][et_pb_column type=\u00a0\u00bb4_4&Prime; _builder_version=\u00a0\u00bb4.20.4&Prime; _module_preset=\u00a0\u00bbdefault\u00a0\u00bb global_colors_info=\u00a0\u00bb{}\u00a0\u00bb][et_pb_text _builder_version=\u00a0\u00bb4.21.0&Prime; _module_preset=\u00a0\u00bb92da693c-1191-450d-b5a0-c457f185b7c6&Prime; locked=\u00a0\u00bboff\u00a0\u00bb global_colors_info=\u00a0\u00bb{}\u00a0\u00bb]<\/p>\n<h2 style=\"text-align: center;\">GROUPES<\/h2>\n<p>[\/et_pb_text][et_pb_text _builder_version=\u00a0\u00bb4.21.0&Prime; _module_preset=\u00a0\u00bb92da693c-1191-450d-b5a0-c457f185b7c6&Prime; text_font_size=\u00a0\u00bb24px\u00a0\u00bb text_line_height=\u00a0\u00bb28px\u00a0\u00bb text_orientation=\u00a0\u00bbcenter\u00a0\u00bb global_colors_info=\u00a0\u00bb{}\u00a0\u00bb]<\/p>\n<div class=\"wpb_text_column wpb_content_element \">\n<div class=\"wpb_wrapper\">\n<p><strong>Vous faites partie d\u2019une association, d\u2019un comit\u00e9 d\u2019entreprise, d\u2019un service jeunesse, d\u2019une structure mettant en place des sorties de groupe ?<\/strong><\/p>\n<\/div>\n<\/div>\n<div class=\"vc_empty_space\">\n<div class=\"empty_space_image\">\u00a0<\/div>\n<\/div>\n<div class=\"wpb_text_column wpb_content_element \">\n<div class=\"wpb_wrapper\">\n<p>B\u00e9n\u00e9ficiez d\u2019un tarif groupe valable \u00e0 partir de 10 tickets achet\u00e9s.<br \/>Vous d\u00e9sirez payer par Carte Bancaire ?<br \/>R\u00e9servez directement vos places sur la billetterie ci-dessus !<\/p>\n<p>Vous d\u00e9sirez payer votre commande groupe par virement ou par ch\u00e8que ?<\/p>\n<p>C\u2019est possible: t\u00e9l\u00e9chargez votre bon de commande en cliquant\u00a0<a href=\"https:\/\/www.geek-days.com\/wp-content\/uploads\/2025\/03\/BDC_Groupe_Lille_Mai_2025.pdf\">ici<\/a>\u00a0et renvoyez le compl\u00e9t\u00e9 par e-mail \u00e0\u00a0<a href=\"mailto:thibault.lize@gl-events.com\">thibault.lize@gl-events.com<\/a><\/p>\n<\/div>\n<\/div>\n<p>[\/et_pb_text][et_pb_text _builder_version=\u00a0\u00bb4.21.0&Prime; _module_preset=\u00a0\u00bb92da693c-1191-450d-b5a0-c457f185b7c6&Prime; text_font_size=\u00a0\u00bb16px\u00a0\u00bb text_line_height=\u00a0\u00bb19px\u00a0\u00bb text_orientation=\u00a0\u00bbcenter\u00a0\u00bb global_colors_info=\u00a0\u00bb{}\u00a0\u00bb]<\/p>\n<div class=\"wpb_text_column wpb_content_element \">\n<div class=\"wpb_wrapper\">\n<p><span style=\"font-size: 10px;\">Les informations recueillies sont n\u00e9cessaires pour vous adresser les documents qui faciliteront votre visite du salon : badges, codes d\u2019acc\u00e8s, informations utiles et invitations pour la prochaine \u00e9dition du salon. Vous avez la possibilit\u00e9 de vous inscrire sur la liste d\u2019opposition au d\u00e9marchage t\u00e9l\u00e9phonique selon l\u2019article L.121-34 du Code de la consommation.<\/span><br \/><span style=\"font-size: 10px;\"> Conform\u00e9ment \u00e0 la loi n\u00b078-17 du 6 janvier 1978 modifi\u00e9e et au R\u00e8glement (UE) 2016\/679 du 27 avril 2016 (RGPD), la soci\u00e9t\u00e9 GL events Exhibitions Op\u00e9rations, en qualit\u00e9 de responsable de traitement, est amen\u00e9e \u00e0 traiter les donn\u00e9es renseign\u00e9es dans ce formulaire aux fins de prospection commerciale et de r\u00e9alisation d\u2019analyses internes, de traitement et de gestion de votre demande d\u2019inscription\/d\u2019achat\/de badge.<\/span><br \/><span style=\"font-size: 10px;\"> Vous pouvez exercer vos droits, et notamment votre droit d\u2019acc\u00e8s, de rectification, d\u2019effacement et d\u2019opposition, en \u00e9crivant \u00e0 l\u2019adresse email suivante dpglex@gl-events.com<\/span><br \/><span style=\"font-size: 10px;\"> Vous pouvez retirer \u00e0 tout moment votre consentement au traitement de vos donn\u00e9es ; vous pouvez \u00e9galement vous opposer au traitement de vos donn\u00e9es ; vous pouvez \u00e9galement exercer votre droit \u00e0 la portabilit\u00e9 de vos donn\u00e9es<\/span><br \/><span style=\"font-size: 10px;\"> Consultez le site cnil.fr pour plus d\u2019informations sur vos droits.<\/span><br \/><span style=\"font-size: 10px;\"> L\u2019int\u00e9gralit\u00e9 des informations relatives aux traitements de vos donn\u00e9es personnelles figure dans le document Politique de confidentialit\u00e9 dont vous attestez avoir pris connaissance.<\/span><br \/><span style=\"font-size: 10px;\"> En utilisant le badge\/billet pour acc\u00e9der au salon, ses concours, ses \u00e9v\u00e9nements et espaces d&rsquo;animations, le visiteur est r\u00e9put\u00e9 avoir accept\u00e9 les conditions \u00e9nonc\u00e9es ci-dessous : En tant que visiteur, je reconnais et accepte que je puisse \u00eatre photographi\u00e9, film\u00e9 ou enregistr\u00e9 pendant le salon. J&rsquo;autorise l&rsquo;organisateur et\/ou les entit\u00e9s qui coop\u00e8rent avec l&rsquo;organisateur \u00e0 utiliser tous textes, images et sons capt\u00e9s ou pris \u00e0 cette occasion dans lesquels figurent, en tout ou partie, mon nom, ma voix et\/ou ma personne, \u00e0 des fins promotionnelles ou commerciales, sur tous supports et par tous moyens de communication existants ou \u00e0 venir (par ex. imprim\u00e9s, presse, t\u00e9l\u00e9vision, internet, t\u00e9l\u00e9phones portables, etc.), partout dans le monde. Je reconnais et accepte \u00e9galement que je n&rsquo;aurai droit \u00e0 aucune r\u00e9mun\u00e9ration dans le cas d&rsquo;une telle utilisation. Si je ne souhaite pas \u00eatre film\u00e9 ou photographi\u00e9, je communiquerai mon refus \u00e0 l&rsquo;\u00e9quipe de tournage ou le photographe sur place.<\/span><\/p>\n<\/div>\n<\/div>\n<div class=\"wpb_text_column wpb_content_element \">\n<div class=\"wpb_wrapper\">\u00a0<\/div>\n<\/div>\n<p>[\/et_pb_text][\/et_pb_column][\/et_pb_row][\/et_pb_section]<\/p>\n","protected":false},"excerpt":{"rendered":"<p>BILLETTERIEBilletterie \u00e0 venir. Restez-connect\u00e9s !<div class=\"yurplan-widget-container\" style=\"padding: 16px;\">\r\n    <iframe \r\n        src=\"https:\/\/yurplan.com\/events\/Geek-Days-Lille-2025\/141322\/tickets\/widget?widget=dGlja2V0aW5nV2lkZ2V0WXBfMTM5Mjk0XzE0MzkxOQ%3D%3D&from=widget_143919&wversion=1&culture=fr\" \r\n        width=\"100%\" \r\n        height=\"100%\" \r\n        scrolling=\"auto\" \r\n        frameborder=\"0\"\r\n        class=\"yurplan-widget\"\r\n        id=\"yurplan-widget-143919\"\r\n        data-id=\"143919\"\r\n    >\r\n    <\/iframe>\r\n    <\/div>\r\n<script type=\"text\/javascript\" src=\"https:\/\/assets.yurplan.com\/yurplan-v1\/dist\/widget.js\"><\/script>\r\n\t<div id=\"arx_get_ypcode\"><\/div>\r\n\t<script language=\"javascript\">\r\n\tjQuery(function($){\r\n\t\t$(\"#arx_get_ypcode\").load(\"\/arx_get_ypcode.php\");\r\n\t});\r\n\t<\/script>\r\n\tGROUPES Vous faites partie d\u2019une association, d\u2019un comit\u00e9 d\u2019entreprise, d\u2019un service jeunesse, d\u2019une structure mettant en place des sorties de groupe ? \u00a0 B\u00e9n\u00e9ficiez d\u2019un tarif groupe valable \u00e0 partir de 10 tickets achet\u00e9s.Vous d\u00e9sirez payer par Carte Bancaire ?R\u00e9servez directement vos places sur la billetterie ci-dessus ! Vous d\u00e9sirez payer [&hellip;]<\/p>\n","protected":false},"author":1,"featured_media":0,"parent":0,"menu_order":0,"comment_status":"closed","ping_status":"closed","template":"","meta":{"_et_pb_use_builder":"on","_et_pb_old_content":"<p>[vc_row row_type=\"row\" use_row_as_full_screen_section=\"no\" type=\"grid\" oblique_section=\"no\" text_align=\"left\" css_animation=\"\"][vc_column][vc_empty_space height=\"60px\" image_repeat=\"no-repeat\"][gusta_section vc_id=\"gusta-section-5674901825b2a757eada63\" section=\"1018\"][vc_empty_space height=\"40px\" image_repeat=\"no-repeat\"][\/vc_column][\/vc_row][vc_row row_type=\"row\" use_row_as_full_screen_section=\"no\" type=\"full_width\" oblique_section=\"no\" text_align=\"left\" css_animation=\"\"][vc_column][vc_raw_html]JTNDZGl2JTIwY2xhc3MlM0QlMjJ5dXJwbGFuLXdpZGdldC1jb250YWluZXIlMjIlM0UlMEElMjAlMjAlMjAlMjAlM0NpZnJhbWUlMjAlMEElMjAlMjAlMjAlMjAlMjAlMjAlMjAlMjBzcmMlM0QlMjJodHRwcyUzQSUyRiUyRnl1cnBsYW4uY29tJTJGZXZlbnQlMkZHRUVLLURBWVMtTElMTEUtMjAyMyUyRjk2NjU2JTJGdGlja2V0cyUyRndpZGdldCUzRndpZGdldCUzRGRHbGphMlYwYVc1blYybGtaMlYwV1hCZk9UUTJNekpmT1RjM056USUyNTNEJTI2ZnJvbSUzRHdpZGdldF85Nzc3NCUyNnd2ZXJzaW9uJTNEMSUyNmN1bHR1cmUlM0RmciUyMiUyMCUwQSUyMCUyMCUyMCUyMCUyMCUyMCUyMCUyMHdpZHRoJTNEJTIyMTAwJTI1JTIyJTIwJTBBJTIwJTIwJTIwJTIwJTIwJTIwJTIwJTIwaGVpZ2h0JTNEJTIyMTAwJTI1JTIyJTIwJTBBJTIwJTIwJTIwJTIwJTIwJTIwJTIwJTIwc2Nyb2xsaW5nJTNEJTIyYXV0byUyMiUyMCUwQSUyMCUyMCUyMCUyMCUyMCUyMCUyMCUyMGZyYW1lYm9yZGVyJTNEJTIyMCUyMiUwQSUyMCUyMCUyMCUyMCUyMCUyMCUyMCUyMGNsYXNzJTNEJTIyeXVycGxhbi13aWRnZXQlMjIlMEElMjAlMjAlMjAlMjAlMjAlMjAlMjAlMjBpZCUzRCUyMnl1cnBsYW4td2lkZ2V0LTk3Nzc0JTIyJTBBJTIwJTIwJTIwJTIwJTIwJTIwJTIwJTIwZGF0YS1pZCUzRCUyMjk3Nzc0JTIyJTBBJTIwJTIwJTIwJTIwJTNFJTBBJTIwJTIwJTIwJTIwJTNDJTJGaWZyYW1lJTNFJTBBJTIwJTIwJTIwJTIwJTIwJTIwJTIwJTIwJTNDYSUyMGhyZWYlM0QlMjJodHRwcyUzQSUyRiUyRnl1cnBsYW4uY29tJTJGYmlsbGV0dGVyaWUtZW4tbGlnbmUlM0Z1dG1fc291cmNlJTNEcmVmZXJyYWwlMjZ1dG1fbWVkaXVtJTNEd2lkZ2V0JTI2dXRtX2NhbXBhaWduJTNEbGllbl9iaWxsZXR0ZXJpZV93aWRnZXQlMjIlMjBjbGFzcyUzRCUyMnl1cnBsYW4td2lkZ2V0LWxpbmstOTc3NzQlMjIlM0VMb2dpY2llbCUyMGRlJTIwZ2VzdGlvbiUyMGQlMjclQzMlQTl2JUMzJUE5bmVtZW50cyUzQyUyRmElM0UlMEElMjAlMjAlMjAlMjAlM0MlMkZkaXYlM0UlMEElM0NzY3JpcHQlMjB0eXBlJTNEJTIydGV4dCUyRmphdmFzY3JpcHQlMjIlMjBzcmMlM0QlMjJodHRwcyUzQSUyRiUyRmFzc2V0cy55dXJwbGFuLmNvbSUyRnl1cnBsYW4tdjElMkZkaXN0JTJGd2lkZ2V0LmpzJTIyJTNFJTNDJTJGc2NyaXB0JTNFJTBB[\/vc_raw_html][\/vc_column][\/vc_row][vc_row row_type=\"row\" use_row_as_full_screen_section=\"no\" type=\"full_width\" oblique_section=\"no\" text_align=\"left\" background_color=\"#f7f7f7\" css_animation=\"\" el_id=\"groupes\"][vc_column][vc_empty_space height=\"60px\" image_repeat=\"no-repeat\"][vc_column_text]<\/p>\r\n<h2 style=\"text-align: center;\">Groupes<\/h2>\r\n<p>[\/vc_column_text][vc_empty_space image_repeat=\"no-repeat\"][vc_row_inner row_type=\"row\" type=\"full_width\" use_row_as_full_screen_section_slide=\"no\" text_align=\"left\" css_animation=\"\"][vc_column_inner width=\"1\/4\"][\/vc_column_inner][vc_column_inner width=\"1\/2\"][vc_column_text]<\/p>\r\n<p style=\"text-align: center;\"><strong>Vous faites partie d\u2019une association, d\u2019un comit\u00e9 d\u2019entreprise, d\u2019un service jeunesse, d\u2019une structure mettant en place des sorties de groupe ?<\/strong><\/p>\r\n<p>[\/vc_column_text][vc_empty_space image_repeat=\"no-repeat\"][vc_column_text]<\/p>\r\n<p style=\"text-align: center;\">B\u00e9n\u00e9ficiez d\u2019un tarif groupe valable \u00e0 partir de 10 tickets achet\u00e9s.<br \/>\r\nVous d\u00e9sirez payer par Carte Bancaire ?<br \/>\r\nR\u00e9servez directement vos places sur la billetterie ci-dessus !<\/p>\r\n<p style=\"text-align: center;\">Vous d\u00e9sirez payer votre commande groupe par virement ou par ch\u00e8que ?<\/p>\r\n<p style=\"text-align: center;\">C\u2019est possible: t\u00e9l\u00e9chargez votre bon de commande en cliquant <a href=\"https:\/\/www.geek-days.com\/lille\/wp-content\/uploads\/sites\/10\/2023\/02\/BDC-billetterie-groupe-GDL23.pdf\" target=\"_blank\" rel=\"noopener\">ici<\/a> et renvoyez le compl\u00e9t\u00e9 par e-mail \u00e0 <a href=\"mailto:geekdays@gl-events.com\">geekdays@gl-events.com<\/a><\/p>\r\n<p>[\/vc_column_text][vc_empty_space image_repeat=\"no-repeat\"][\/vc_column_inner][vc_column_inner width=\"1\/4\"][\/vc_column_inner][\/vc_row_inner][\/vc_column][\/vc_row]<\/p>","_et_gb_content_width":"","inline_featured_image":false},"_links":{"self":[{"href":"https:\/\/www.geek-days.com\/lille\/wp-json\/wp\/v2\/pages\/314"}],"collection":[{"href":"https:\/\/www.geek-days.com\/lille\/wp-json\/wp\/v2\/pages"}],"about":[{"href":"https:\/\/www.geek-days.com\/lille\/wp-json\/wp\/v2\/types\/page"}],"author":[{"embeddable":true,"href":"https:\/\/www.geek-days.com\/lille\/wp-json\/wp\/v2\/users\/1"}],"replies":[{"embeddable":true,"href":"https:\/\/www.geek-days.com\/lille\/wp-json\/wp\/v2\/comments?post=314"}],"version-history":[{"count":87,"href":"https:\/\/www.geek-days.com\/lille\/wp-json\/wp\/v2\/pages\/314\/revisions"}],"predecessor-version":[{"id":12825,"href":"https:\/\/www.geek-days.com\/lille\/wp-json\/wp\/v2\/pages\/314\/revisions\/12825"}],"wp:attachment":[{"href":"https:\/\/www.geek-days.com\/lille\/wp-json\/wp\/v2\/media?parent=314"}],"curies":[{"name":"wp","href":"https:\/\/api.w.org\/{rel}","templated":true}]}}