{"id":314,"date":"2017-05-04T14:23:54","date_gmt":"2017-05-04T13:23:54","guid":{"rendered":"https:\/\/www.geek-days.com\/rennes\/?page_id=314"},"modified":"2026-02-08T09:45:06","modified_gmt":"2026-02-08T08:45:06","slug":"billetterie","status":"publish","type":"page","link":"https:\/\/www.geek-days.com\/rennes\/billetterie\/","title":{"rendered":"Billetterie"},"content":{"rendered":"<p>[et_pb_section fb_built=\u00a0\u00bb1&Prime; custom_padding_last_edited=\u00a0\u00bbon|tablet\u00a0\u00bb admin_label=\u00a0\u00bbsection\u00a0\u00bb _builder_version=\u00a0\u00bb4.20.4&Prime; _module_preset=\u00a0\u00bbdefault\u00a0\u00bb custom_margin=\u00a0\u00bb0px||0px||false|false\u00a0\u00bb custom_padding=\u00a0\u00bb64px||0px||false|false\u00a0\u00bb custom_padding_tablet=\u00a0\u00bb100px||||false|false\u00a0\u00bb custom_padding_phone=\u00a0\u00bb100px||||false|false\u00a0\u00bb da_disable_devices=\u00a0\u00bboff|off|off\u00a0\u00bb global_colors_info=\u00a0\u00bb{}\u00a0\u00bb da_is_popup=\u00a0\u00bboff\u00a0\u00bb da_exit_intent=\u00a0\u00bboff\u00a0\u00bb da_has_close=\u00a0\u00bbon\u00a0\u00bb da_alt_close=\u00a0\u00bboff\u00a0\u00bb da_dark_close=\u00a0\u00bboff\u00a0\u00bb da_not_modal=\u00a0\u00bbon\u00a0\u00bb da_is_singular=\u00a0\u00bboff\u00a0\u00bb da_with_loader=\u00a0\u00bboff\u00a0\u00bb da_has_shadow=\u00a0\u00bbon\u00a0\u00bb][et_pb_row _builder_version=\u00a0\u00bb4.20.4&Prime; _module_preset=\u00a0\u00bbdefault\u00a0\u00bb custom_margin=\u00a0\u00bb0px||0px||false|false\u00a0\u00bb custom_padding=\u00a0\u00bb||33px||false|false\u00a0\u00bb global_colors_info=\u00a0\u00bb{}\u00a0\u00bb][et_pb_column type=\u00a0\u00bb4_4&Prime; _builder_version=\u00a0\u00bb4.20.4&Prime; _module_preset=\u00a0\u00bbdefault\u00a0\u00bb global_colors_info=\u00a0\u00bb{}\u00a0\u00bb][et_pb_text _builder_version=\u00a0\u00bb4.21.0&Prime; _module_preset=\u00a0\u00bb38913544-6978-49fe-bb5f-634709ac1b4f\u00a0\u00bb locked=\u00a0\u00bboff\u00a0\u00bb global_colors_info=\u00a0\u00bb{}\u00a0\u00bb]<\/p>\n<h2 style=\"text-align: center;\">BILLETTERIE<\/h2>\n<p>[\/et_pb_text][et_pb_button button_url=\u00a0\u00bbhttps:\/\/ticketevent.fr\/gdr26\/public-1&Prime; button_text=\u00a0\u00bbAcc\u00e9der \u00e0 la billetterie\u00a0\u00bb button_alignment=\u00a0\u00bbcenter\u00a0\u00bb _builder_version=\u00a0\u00bb4.21.0&Prime; _module_preset=\u00a0\u00bbdefault\u00a0\u00bb custom_button=\u00a0\u00bbon\u00a0\u00bb button_text_size=\u00a0\u00bb29px\u00a0\u00bb button_text_color=\u00a0\u00bb#e06660&Prime; button_border_radius=\u00a0\u00bb9px\u00a0\u00bb button_letter_spacing=\u00a0\u00bb0px\u00a0\u00bb button_icon=\u00a0\u00bb&#x45;||divi||400&Prime; background_layout=\u00a0\u00bbdark\u00a0\u00bb global_colors_info=\u00a0\u00bb{}\u00a0\u00bb][\/et_pb_button][et_pb_image src=\u00a0\u00bbhttps:\/\/www.geek-days.com\/rennes\/wp-content\/uploads\/sites\/12\/2026\/02\/TARIFS-1-4.png\u00a0\u00bb title_text=\u00a0\u00bbTARIFS (1)\u00a0\u00bb _builder_version=\u00a0\u00bb4.21.0&Prime; _module_preset=\u00a0\u00bbdefault\u00a0\u00bb hover_enabled=\u00a0\u00bb0&Prime; global_colors_info=\u00a0\u00bb{}\u00a0\u00bb sticky_enabled=\u00a0\u00bb0&Prime;][\/et_pb_image][\/et_pb_column][\/et_pb_row][\/et_pb_section]<\/p>\n","protected":false},"excerpt":{"rendered":"<p>BILLETTERIE<\/p>\n","protected":false},"author":1,"featured_media":0,"parent":0,"menu_order":0,"comment_status":"closed","ping_status":"closed","template":"","meta":{"_et_pb_use_builder":"on","_et_pb_old_content":"<p>[vc_row row_type=\"row\" use_row_as_full_screen_section=\"no\" type=\"grid\" oblique_section=\"no\" text_align=\"left\" css_animation=\"\"][vc_column][vc_empty_space height=\"60px\" image_repeat=\"no-repeat\"][gusta_section vc_id=\"gusta-section-5674901825b2a757eada63\" section=\"1018\"][vc_row_inner row_type=\"row\" type=\"grid\" use_row_as_full_screen_section_slide=\"no\" text_align=\"left\" css_animation=\"\"][vc_column_inner width=\"1\/3\"][\/vc_column_inner][vc_column_inner width=\"1\/3\"][\/vc_column_inner][vc_column_inner width=\"1\/3\"][\/vc_column_inner][\/vc_row_inner][vc_empty_space height=\"40px\" image_repeat=\"no-repeat\"][\/vc_column][\/vc_row][vc_row row_type=\"row\" use_row_as_full_screen_section=\"no\" type=\"full_width\" oblique_section=\"no\" text_align=\"left\" css_animation=\"\"][vc_column][vc_raw_html]JTVCYXJ4X2Rpc3BsYXlfeW91cnBsYW5faWZyYW1lJTVE[\/vc_raw_html][\/vc_column][\/vc_row][vc_row row_type=\"row\" use_row_as_full_screen_section=\"no\" type=\"full_width\" oblique_section=\"no\" text_align=\"left\" css_animation=\"\" el_id=\"groupes\"][vc_column][vc_empty_space height=\"60px\" image_repeat=\"no-repeat\"][vc_column_text]<\/p><h2 style=\"text-align: center;\">Billetterie groupe<\/h2><p>[\/vc_column_text][vc_empty_space image_repeat=\"no-repeat\"][vc_row_inner row_type=\"row\" type=\"full_width\" use_row_as_full_screen_section_slide=\"no\" text_align=\"left\" css_animation=\"\"][vc_column_inner width=\"1\/4\"][\/vc_column_inner][vc_column_inner width=\"1\/2\"][vc_column_text]<\/p><p style=\"text-align: center;\"><strong>Vous faites partie d\u2019une association, d\u2019un comit\u00e9 d\u2019entreprise, d\u2019un service jeunesse, d\u2019une structure mettant en place des sorties de groupe ?<\/strong><\/p><p>[\/vc_column_text][vc_empty_space image_repeat=\"no-repeat\"][vc_column_text]<\/p><p style=\"text-align: center;\">B\u00e9n\u00e9ficiez d\u2019un tarif groupe valable \u00e0 partir de 10 tickets achet\u00e9s.<br \/>Vous d\u00e9sirez payer par Carte Bancaire ?<br \/>R\u00e9servez directement vos places sur la billetterie ci-dessus !<\/p><p style=\"text-align: center;\">Vous d\u00e9sirez payer votre commande groupe par virement ou par ch\u00e8que ?<\/p><p style=\"text-align: center;\">C\u2019est possible: t\u00e9l\u00e9chargez votre bon de commande en cliquant <a href=\"https:\/\/www.geek-days.com\/rennes\/wp-content\/uploads\/sites\/12\/2022\/12\/BDC-GROUPE-GEEK-RENNES-2023.pdf\">ici<\/a> et renvoyez le compl\u00e9t\u00e9 par e-mail \u00e0 <a href=\"mailto:geekdays@gl-events.com\">geekdays@gl-events.com<\/a><\/p><p>[\/vc_column_text][vc_empty_space image_repeat=\"no-repeat\"][\/vc_column_inner][vc_column_inner width=\"1\/4\"][\/vc_column_inner][\/vc_row_inner][\/vc_column][\/vc_row]<\/p>","_et_gb_content_width":"","inline_featured_image":false},"_links":{"self":[{"href":"https:\/\/www.geek-days.com\/rennes\/wp-json\/wp\/v2\/pages\/314"}],"collection":[{"href":"https:\/\/www.geek-days.com\/rennes\/wp-json\/wp\/v2\/pages"}],"about":[{"href":"https:\/\/www.geek-days.com\/rennes\/wp-json\/wp\/v2\/types\/page"}],"author":[{"embeddable":true,"href":"https:\/\/www.geek-days.com\/rennes\/wp-json\/wp\/v2\/users\/1"}],"replies":[{"embeddable":true,"href":"https:\/\/www.geek-days.com\/rennes\/wp-json\/wp\/v2\/comments?post=314"}],"version-history":[{"count":81,"href":"https:\/\/www.geek-days.com\/rennes\/wp-json\/wp\/v2\/pages\/314\/revisions"}],"predecessor-version":[{"id":5427,"href":"https:\/\/www.geek-days.com\/rennes\/wp-json\/wp\/v2\/pages\/314\/revisions\/5427"}],"wp:attachment":[{"href":"https:\/\/www.geek-days.com\/rennes\/wp-json\/wp\/v2\/media?parent=314"}],"curies":[{"name":"wp","href":"https:\/\/api.w.org\/{rel}","templated":true}]}}